{"id":65,"date":"2017-12-13T23:40:23","date_gmt":"2017-12-13T22:40:23","guid":{"rendered":"http:\/\/paintshoppro.eu\/?page_id=65"},"modified":"2017-12-15T18:41:48","modified_gmt":"2017-12-15T17:41:48","slug":"version-numerique","status":"publish","type":"page","link":"https:\/\/paintshoppro.eu\/index.php\/version-numerique\/","title":{"rendered":"Version num\u00e9rique"},"content":{"rendered":"<p>La version num\u00e9rique de &#8220;Les outils de PaintShop Pro&#8221; est une premi\u00e8re mondiale : c&#8217;est le premier manuel num\u00e9rique en fran\u00e7ais consacr\u00e9 \u00e0 PaintShop Pro disponible sur liseuse, smartphone, tablette et ordinateur. Il suffit d&#8217;utiliser l&#8217;application gratuite Kindle pour le lire.<br \/>\nL&#8217;image ci-dessus montre le livre ouvert dans l&#8217;application Kindle pour PC. Cette application permet de choisir la couleur de fond du papier (blanc, s\u00e9pia ou ici en noir), de m\u00eame que la police et sa taille ainsi qu&#8217;un affichage en 2 colonnes comme montr\u00e9 ici.<\/p>\n<p>La version num\u00e9rique peut \u00eatre achet\u00e9e, emprunt\u00e9e ou m\u00eame consult\u00e9e &#8220;\u00e0 la page&#8221;.<\/p>\n<p><a href=\"https:\/\/www.amazon.fr\/dp\/B077XPHPZF\/ref=sr_1_1?ie=UTF8&amp;qid=1512550260&amp;sr=8-1&amp;keywords=les+outils+de+paintshop+pro\" target=\"_blank\" rel=\"noopener\">En vente ici<\/a>.<\/p>\n<p>&nbsp;<\/p>\n","protected":false},"excerpt":{"rendered":"<p>La version num\u00e9rique de &#8220;Les outils de PaintShop Pro&#8221; est une premi\u00e8re mondiale : c&#8217;est le premier manuel num\u00e9rique en fran\u00e7ais consacr\u00e9 \u00e0 PaintShop Pro disponible sur liseuse, smartphone, tablette et ordinateur. Il suffit d&#8217;utiliser l&#8217;application gratuite Kindle pour le lire. L&#8217;image ci-dessus montre le livre ouvert dans l&#8217;application Kindle pour PC. Cette application permet &hellip; <a href=\"https:\/\/paintshoppro.eu\/index.php\/version-numerique\/\" class=\"more-link\">Continue reading<span class=\"screen-reader-text\"> &#8220;Version num\u00e9rique&#8221;<\/span><\/a><\/p>\n","protected":false},"author":1,"featured_media":111,"parent":0,"menu_order":0,"comment_status":"closed","ping_status":"closed","template":"","meta":{"footnotes":""},"class_list":["post-65","page","type-page","status-publish","has-post-thumbnail","hentry"],"_links":{"self":[{"href":"https:\/\/paintshoppro.eu\/index.php\/wp-json\/wp\/v2\/pages\/65","targetHints":{"allow":["GET"]}}],"collection":[{"href":"https:\/\/paintshoppro.eu\/index.php\/wp-json\/wp\/v2\/pages"}],"about":[{"href":"https:\/\/paintshoppro.eu\/index.php\/wp-json\/wp\/v2\/types\/page"}],"author":[{"embeddable":true,"href":"https:\/\/paintshoppro.eu\/index.php\/wp-json\/wp\/v2\/users\/1"}],"replies":[{"embeddable":true,"href":"https:\/\/paintshoppro.eu\/index.php\/wp-json\/wp\/v2\/comments?post=65"}],"version-history":[{"count":4,"href":"https:\/\/paintshoppro.eu\/index.php\/wp-json\/wp\/v2\/pages\/65\/revisions"}],"predecessor-version":[{"id":125,"href":"https:\/\/paintshoppro.eu\/index.php\/wp-json\/wp\/v2\/pages\/65\/revisions\/125"}],"wp:featuredmedia":[{"embeddable":true,"href":"https:\/\/paintshoppro.eu\/index.php\/wp-json\/wp\/v2\/media\/111"}],"wp:attachment":[{"href":"https:\/\/paintshoppro.eu\/index.php\/wp-json\/wp\/v2\/media?parent=65"}],"curies":[{"name":"wp","href":"https:\/\/api.w.org\/{rel}","templated":true}]}}