{"id":473,"date":"2019-02-23T23:52:22","date_gmt":"2019-02-23T22:52:22","guid":{"rendered":"http:\/\/paintshoppro.eu\/?page_id=473"},"modified":"2019-02-24T00:05:46","modified_gmt":"2019-02-23T23:05:46","slug":"illustrations-du-livre","status":"publish","type":"page","link":"https:\/\/paintshoppro.eu\/index.php\/illustrations-du-livre\/","title":{"rendered":"Illustrations du livre"},"content":{"rendered":"\n<p>Voici les illustrations en couleur pour les lecteurs qui ont acquis la version noir et blanc du manuel :<br><\/p>\n\n\n\n<p><a href=\"http:\/\/paintshoppro.eu\/index.php\/version-papier\/pages-1-a-40\/\">Pages 1 \u00e0 40<\/a><\/p>\n\n\n\n<p><a href=\"http:\/\/paintshoppro.eu\/index.php\/pages-41-a-80\/\">Pages 41 \u00e0 80<\/a><\/p>\n\n\n\n<p><a href=\"http:\/\/paintshoppro.eu\/index.php\/pages-81-a-120\/\">Pages 81 \u00e0 120<\/a><\/p>\n\n\n\n<p><a href=\"http:\/\/paintshoppro.eu\/index.php\/pages-121-a-159\/\">Pages 121 \u00e0 159<\/a><\/p>\n\n\n\n<p><a href=\"http:\/\/paintshoppro.eu\/index.php\/pages-160-a-212\/\">Pages 160 \u00e0 212<\/a><\/p>\n","protected":false},"excerpt":{"rendered":"<p>Voici les illustrations en couleur pour les lecteurs qui ont acquis la version noir et blanc du manuel : Pages 1 \u00e0 40 Pages 41 \u00e0 80 Pages 81 \u00e0 120 Pages 121 \u00e0 159 Pages 160 \u00e0 212<\/p>\n","protected":false},"author":1,"featured_media":0,"parent":0,"menu_order":0,"comment_status":"closed","ping_status":"closed","template":"","meta":{"footnotes":""},"class_list":["post-473","page","type-page","status-publish","hentry"],"_links":{"self":[{"href":"https:\/\/paintshoppro.eu\/index.php\/wp-json\/wp\/v2\/pages\/473","targetHints":{"allow":["GET"]}}],"collection":[{"href":"https:\/\/paintshoppro.eu\/index.php\/wp-json\/wp\/v2\/pages"}],"about":[{"href":"https:\/\/paintshoppro.eu\/index.php\/wp-json\/wp\/v2\/types\/page"}],"author":[{"embeddable":true,"href":"https:\/\/paintshoppro.eu\/index.php\/wp-json\/wp\/v2\/users\/1"}],"replies":[{"embeddable":true,"href":"https:\/\/paintshoppro.eu\/index.php\/wp-json\/wp\/v2\/comments?post=473"}],"version-history":[{"count":3,"href":"https:\/\/paintshoppro.eu\/index.php\/wp-json\/wp\/v2\/pages\/473\/revisions"}],"predecessor-version":[{"id":484,"href":"https:\/\/paintshoppro.eu\/index.php\/wp-json\/wp\/v2\/pages\/473\/revisions\/484"}],"wp:attachment":[{"href":"https:\/\/paintshoppro.eu\/index.php\/wp-json\/wp\/v2\/media?parent=473"}],"curies":[{"name":"wp","href":"https:\/\/api.w.org\/{rel}","templated":true}]}}